{"id":130915,"date":"2023-03-25T09:47:26","date_gmt":"2023-03-25T08:47:26","guid":{"rendered":"https:\/\/moby-hub.com\/Produkt\/vasca-per-i-piedi-pieghevole\/"},"modified":"2023-03-25T09:47:26","modified_gmt":"2023-03-25T08:47:26","slug":"vasca-per-i-piedi-pieghevole","status":"publish","type":"product","link":"http:\/\/moby-hub.com\/it\/Produkt\/vasca-per-i-piedi-pieghevole\/","title":{"rendered":"Vasca per i piedi pieghevole"},"content":{"rendered":"<p>Vasca per i piedi pieghevole per uso mobile, stabile e impermeabile.<\/p>\n<p>Puoi rivestire il poggiapiedi pieghevole con pellicola usa e getta, il che significa che non \u00e8 pi\u00f9 necessaria la pulizia ed \u00e8 pi\u00f9 igienico.<\/p>\n<p><strong>Dimensioni<\/strong><br \/>\n35 cm x 35 cm x 18 cm<\/p>\n<p><strong>Peso<\/strong><br \/>\n300 grammi<\/p>\n<p><strong>Colore<\/strong><br \/>\nnero<\/p>\n","protected":false},"excerpt":{"rendered":"<p>Vasca per i piedi pieghevole per uso mobile, stabile e impermeabile. Puoi rivestire il poggiapiedi pieghevole con pellicola usa e getta, il che significa che non \u00e8 pi\u00f9 necessaria la pulizia ed \u00e8 pi\u00f9 igienico. Dimensioni 35 cm x 35 cm x 18 cm Peso 300 grammi Colore nero<\/p>\n","protected":false},"featured_media":130904,"template":"","meta":[],"product_brand":[],"product_cat":[5226],"product_tag":[],"class_list":{"0":"post-130915","1":"product","2":"type-product","3":"status-publish","4":"has-post-thumbnail","6":"product_cat-mobile-stazionario","8":"first","9":"instock","10":"shipping-taxable","11":"purchasable","12":"product-type-simple"},"_links":{"self":[{"href":"http:\/\/moby-hub.com\/it\/wp-json\/wp\/v2\/product\/130915","targetHints":{"allow":["GET"]}}],"collection":[{"href":"http:\/\/moby-hub.com\/it\/wp-json\/wp\/v2\/product"}],"about":[{"href":"http:\/\/moby-hub.com\/it\/wp-json\/wp\/v2\/types\/product"}],"wp:featuredmedia":[{"embeddable":true,"href":"http:\/\/moby-hub.com\/it\/wp-json\/wp\/v2\/media\/130904"}],"wp:attachment":[{"href":"http:\/\/moby-hub.com\/it\/wp-json\/wp\/v2\/media?parent=130915"}],"wp:term":[{"taxonomy":"product_brand","embeddable":true,"href":"http:\/\/moby-hub.com\/it\/wp-json\/wp\/v2\/product_brand?post=130915"},{"taxonomy":"product_cat","embeddable":true,"href":"http:\/\/moby-hub.com\/it\/wp-json\/wp\/v2\/product_cat?post=130915"},{"taxonomy":"product_tag","embeddable":true,"href":"http:\/\/moby-hub.com\/it\/wp-json\/wp\/v2\/product_tag?post=130915"}],"curies":[{"name":"wp","href":"https:\/\/api.w.org\/{rel}","templated":true}]}}