{"id":130984,"date":"2023-03-25T11:24:33","date_gmt":"2023-03-25T10:24:33","guid":{"rendered":"https:\/\/moby-hub.com\/Produkt\/trolley-mobil-m-it\/"},"modified":"2023-03-25T11:24:33","modified_gmt":"2023-03-25T10:24:33","slug":"trolley-mobil-m-it","status":"publish","type":"product","link":"http:\/\/moby-hub.com\/it\/Produkt\/trolley-mobil-m-it\/","title":{"rendered":"Trolley Mobil M"},"content":{"rendered":"<p>Trolley Mobile M<\/p>\n<p>Per l&#8217;uso nella cura mobile dei piedi, ma altrettanto adatto per attivit\u00e0 mobili fuori casa per manicure e pedicure<\/p>\n<p>Questo sistema \u00e8 ottimizzato appositamente per quest&#8217;area. Trolley Mobil \u00e8 realizzato in un materiale molto resistente durevole e allo stesso tempo idrorepellente<\/p>\n<p>Il carrello mobile ha molto spazio di archiviazione. Una sedia, un poggiapiedi, una vaschetta e una lampada, oltre a una lima per unghie elettrica con aspirazione, trovano spazio con facilit\u00e0. I materiali e gli strumenti necessari possono anche essere conservati ben ordinati. Inoltre, ci sono tasche laterali con cerniere.<\/p>\n<p>Trolley Mobil \u00e8 composto da pi\u00f9 unit\u00e0, che possono essere trasportate separatamente con una tracolla imbottita. O tutti insieme uno sopra l&#8217;altro, che vengono poi fissati con cinghie a scatto.<\/p>\n<p>Inoltre, questa unit\u00e0 ha una base stabile, cos\u00ec come le ruote con cuscinetti a sfera.<\/p>\n<p><strong>5 anni di garanzia<\/strong> sul carrello mobile<\/p>\n<p><strong>Dimensioni<\/strong><\/p>\n<p>1 unit\u00e0 &#8211; 49,5 x 30 x 21 cm<br \/>\n2 unit\u00e0 &#8211; 49,5 x 30 x 43 cm<br \/>\n3 unit\u00e0 &#8211; 49,5 x 30 x 28,5 cm<\/p>\n","protected":false},"excerpt":{"rendered":"<p>Trolley Mobile M Per l&#8217;uso nella cura mobile dei piedi, ma altrettanto adatto per attivit\u00e0 mobili fuori casa per manicure e pedicure Questo sistema \u00e8 ottimizzato appositamente per quest&#8217;area. Trolley Mobil \u00e8 realizzato in un materiale molto resistente durevole e allo stesso tempo idrorepellente Il carrello mobile ha molto spazio di archiviazione. Una sedia, un [&hellip;]<\/p>\n","protected":false},"featured_media":132115,"template":"","meta":[],"product_brand":[],"product_cat":[5226],"product_tag":[],"class_list":{"0":"post-130984","1":"product","2":"type-product","3":"status-publish","4":"has-post-thumbnail","6":"product_cat-mobile-stazionario","8":"first","9":"instock","10":"shipping-taxable","11":"purchasable","12":"product-type-simple"},"_links":{"self":[{"href":"http:\/\/moby-hub.com\/it\/wp-json\/wp\/v2\/product\/130984","targetHints":{"allow":["GET"]}}],"collection":[{"href":"http:\/\/moby-hub.com\/it\/wp-json\/wp\/v2\/product"}],"about":[{"href":"http:\/\/moby-hub.com\/it\/wp-json\/wp\/v2\/types\/product"}],"wp:featuredmedia":[{"embeddable":true,"href":"http:\/\/moby-hub.com\/it\/wp-json\/wp\/v2\/media\/132115"}],"wp:attachment":[{"href":"http:\/\/moby-hub.com\/it\/wp-json\/wp\/v2\/media?parent=130984"}],"wp:term":[{"taxonomy":"product_brand","embeddable":true,"href":"http:\/\/moby-hub.com\/it\/wp-json\/wp\/v2\/product_brand?post=130984"},{"taxonomy":"product_cat","embeddable":true,"href":"http:\/\/moby-hub.com\/it\/wp-json\/wp\/v2\/product_cat?post=130984"},{"taxonomy":"product_tag","embeddable":true,"href":"http:\/\/moby-hub.com\/it\/wp-json\/wp\/v2\/product_tag?post=130984"}],"curies":[{"name":"wp","href":"https:\/\/api.w.org\/{rel}","templated":true}]}}