{"id":132623,"date":"2023-04-29T06:58:38","date_gmt":"2023-04-29T04:58:38","guid":{"rendered":"https:\/\/moby-hub.com\/Produkt\/led-elite-pro-66-w\/"},"modified":"2023-04-29T07:05:52","modified_gmt":"2023-04-29T05:05:52","slug":"led-elite-pro-66-w","status":"publish","type":"product","link":"http:\/\/moby-hub.com\/it\/Produkt\/led-elite-pro-66-w\/","title":{"rendered":"LED &#8211; Elite Pro 66 W"},"content":{"rendered":"<p>LED &#8211; Elite Pro 66 W<\/p>\n<p>Questa lampada LED professionale da 66 watt \u00e8 stata progettata appositamente per una polimerizzazione rapida ed efficiente.<\/p>\n<p>\u00c8 garantita una polimerizzazione uniforme di gel UV e gel LED nonch\u00e9 di vernice UV e gommalacca.<\/p>\n<p>Gli intervalli di tempo sono regolabili in 10, 20, 30 e 60 secondi, simultaneamente questa serie modello ha una tecnologia del sensore, cos\u00ec l&#8217;avvio automatico inizia quando una mano \u00e8 inserito nella zona del tunnel.<\/p>\n<p>Massa<br \/>\nL 27 cm x A 14 cm x P 25 cm<\/p>\n<p>Corrente<br \/>\ntensione di ingresso nominale<br \/>\n220-240 V, CA, 50\/60 Hz<\/p>\n<p>Tensione di uscita<br \/>\nDC 12V<\/p>\n<p>Peso ca.<br \/>\n496 g<\/p>\n<p>Per un&#8217;accurata disinfezione e pulizia, la piastra di base in acciaio inossidabile pu\u00f2 essere rimossa.<\/p>\n<p>Poich\u00e9 questa modello deve essere classificato in apparecchiature con gli standard pi\u00f9 elevati, si deve naturalmente assumere che \u00e8 resistente ai materiali acetone contenenti.<\/p>\n<p>I singoli LED sono dotati di riflettori a diamante, che sono alloggiati nell&#8217;ampio interno.<\/p>\n<p>L&#8217;output totale di 66 watt \u00e8 completamente disponibile per la polimerizzazione.<\/p>\n<p>Uno scambio di LED \u00e8 previsto dopo 8o.ooo ore di funzionamento al pi\u00f9 presto.<\/p>\n","protected":false},"excerpt":{"rendered":"<p>LED &#8211; Elite Pro 66 W Questa lampada LED professionale da 66 watt \u00e8 stata progettata appositamente per una polimerizzazione rapida ed efficiente. \u00c8 garantita una polimerizzazione uniforme di gel UV e gel LED nonch\u00e9 di vernice UV e gommalacca. Gli intervalli di tempo sono regolabili in 10, 20, 30 e 60 secondi, simultaneamente questa [&hellip;]<\/p>\n","protected":false},"featured_media":132620,"template":"","meta":[],"product_brand":[],"product_cat":[1485],"product_tag":[],"class_list":{"0":"post-132623","1":"product","2":"type-product","3":"status-publish","4":"has-post-thumbnail","6":"product_cat-led-lampade","8":"first","9":"instock","10":"shipping-taxable","11":"purchasable","12":"product-type-simple"},"_links":{"self":[{"href":"http:\/\/moby-hub.com\/it\/wp-json\/wp\/v2\/product\/132623","targetHints":{"allow":["GET"]}}],"collection":[{"href":"http:\/\/moby-hub.com\/it\/wp-json\/wp\/v2\/product"}],"about":[{"href":"http:\/\/moby-hub.com\/it\/wp-json\/wp\/v2\/types\/product"}],"wp:featuredmedia":[{"embeddable":true,"href":"http:\/\/moby-hub.com\/it\/wp-json\/wp\/v2\/media\/132620"}],"wp:attachment":[{"href":"http:\/\/moby-hub.com\/it\/wp-json\/wp\/v2\/media?parent=132623"}],"wp:term":[{"taxonomy":"product_brand","embeddable":true,"href":"http:\/\/moby-hub.com\/it\/wp-json\/wp\/v2\/product_brand?post=132623"},{"taxonomy":"product_cat","embeddable":true,"href":"http:\/\/moby-hub.com\/it\/wp-json\/wp\/v2\/product_cat?post=132623"},{"taxonomy":"product_tag","embeddable":true,"href":"http:\/\/moby-hub.com\/it\/wp-json\/wp\/v2\/product_tag?post=132623"}],"curies":[{"name":"wp","href":"https:\/\/api.w.org\/{rel}","templated":true}]}}