{"id":137540,"date":"2024-01-27T07:06:00","date_gmt":"2024-01-27T06:06:00","guid":{"rendered":"https:\/\/wholesale-shop-online.com\/?post_type=product&#038;p=137540"},"modified":"2024-10-08T06:05:03","modified_gmt":"2024-10-08T04:05:03","slug":"poltrona-per-cosmetici-pedicure-riscaldamento-del-sedile","status":"publish","type":"product","link":"http:\/\/moby-hub.com\/it\/Produkt\/poltrona-per-cosmetici-pedicure-riscaldamento-del-sedile\/","title":{"rendered":"Poltrona per cosmetici\/pedicure + riscaldamento del sedile"},"content":{"rendered":"<p>Questo lettino per la cura dei piedi \u00e8 un&#8217;innovazione. Ora ha tre motori che rendono regolabile l&#8217;altezza, l&#8217;angolazione del sedile e lo schienale. I poggiagambe non solo possono essere spostati separatamente l&#8217;uno dall&#8217;altro, ma si alzano anche automaticamente quando lo schienale viene abbassato, quindi se lo si desidera la posizione finale del lettino \u00e8 completamente orizzontale. Questo lettino non \u00e8 ideale solo per la cura dei piedi ma anche per i trattamenti cosmetici ed \u00e8 quindi un assoluto talento a tutto tondo. Inoltre, le sezioni testa e piedi sono regolabili ed estensibili. Il lettino \u00e8 facile da pulire ed \u00e8 molto confortevole grazie alla sua morbida imbottitura di alta qualit\u00e0. Il riscaldamento del sedile incluso aumenta ulteriormente il benessere del cliente durante l&#8217;utilizzo.<\/p>\n<p>PESO<br \/>\n91kg<\/p>\n<p>MISURARE<br \/>\n148\u00d762\u00d764 centimetri<\/p>\n<p>MOTORI<br \/>\n3<\/p>\n<p>TIPO DI RIVESTIMENTO<br \/>\nImbottitura in PU<\/p>\n<p>SEDILI RISCALDATI<br \/>\nS\u00cc<\/p>\n<p>RUOTABILE<br \/>\nS\u00cc<\/p>\n<p>COMANDI A PEDALE INCLUSI<br \/>\nS\u00cc<\/p>\n<p>COMANDI A PEDALE OPZIONALI<br \/>\nS\u00cc<\/p>\n<p>SEZIONE FACCIALE<br \/>\nS\u00cc<\/p>\n<p>TELECOMANDO PALMARE OPZIONALE<br \/>\nS\u00cc<\/p>\n<p>COLLASSABILE<br \/>\nNO<\/p>\n<p>TELECOMANDO PALMARE INCLUSO<br \/>\nNO<\/p>\n<p>PULSANTE DI RESET<br \/>\nS\u00cc<\/p>\n<p>LUNGHEZZA DI<br \/>\n188 centimetri<\/p>\n<p>GRADI DI ROTAZIONE<br \/>\nNO<\/p>\n<p>ALTEZZA<br \/>\n60 cm<\/p>\n<p>ALTEZZA MASSIMA DEL SEDILE<br \/>\n95 cm<\/p>\n<p>ALTEZZA MASSIMA PEDANA<br \/>\n112 cm<\/p>\n<p>LARGHEZZA<br \/>\n68 cm<\/p>\n<p>FUNZIONE DI MEMORIA<br \/>\nNO<\/p>\n<p>LARGHEZZA CON BRACCIOLI<br \/>\n88 cm<\/p>\n<p>LUNGHEZZA FINO A<br \/>\n210 cm<\/p>\n<p>PESO NETTO<br \/>\n77 kg<\/p>\n<p>COMMUTAZIONE TONDA<br \/>\nS\u00cc<\/p>\n<p>COLORE<br \/>\nBianco<\/p>\n<p>ANGOLO DELLE PARTI DEL PIEDE<br \/>\n90\u00b0<\/p>\n<p>PARTE PIEDE GIREVOLE<br \/>\nS\u00cc<\/p>\n<p>PIEDINO GIREVOLE GRADO PARTE<br \/>\n90\u00b0<\/p>\n<p>Garanzia<br \/>\n5 anni<\/p>\n","protected":false},"excerpt":{"rendered":"<p>Questo lettino per la cura dei piedi \u00e8 un&#8217;innovazione. Ora ha tre motori che rendono regolabile l&#8217;altezza, l&#8217;angolazione del sedile e lo schienale. I poggiagambe non solo possono essere spostati separatamente l&#8217;uno dall&#8217;altro, ma si alzano anche automaticamente quando lo schienale viene abbassato, quindi se lo si desidera la posizione finale del lettino \u00e8 completamente [&hellip;]<\/p>\n","protected":false},"featured_media":137512,"template":"","meta":[],"product_brand":[],"product_cat":[5465,5226],"product_tag":[],"class_list":{"0":"post-137540","1":"product","2":"type-product","3":"status-publish","4":"has-post-thumbnail","6":"product_cat-cosmetici-cura-dei-piedi-sdraio","7":"product_cat-mobile-stazionario","9":"first","10":"instock","11":"shipping-taxable","12":"purchasable","13":"product-type-simple"},"_links":{"self":[{"href":"http:\/\/moby-hub.com\/it\/wp-json\/wp\/v2\/product\/137540","targetHints":{"allow":["GET"]}}],"collection":[{"href":"http:\/\/moby-hub.com\/it\/wp-json\/wp\/v2\/product"}],"about":[{"href":"http:\/\/moby-hub.com\/it\/wp-json\/wp\/v2\/types\/product"}],"wp:featuredmedia":[{"embeddable":true,"href":"http:\/\/moby-hub.com\/it\/wp-json\/wp\/v2\/media\/137512"}],"wp:attachment":[{"href":"http:\/\/moby-hub.com\/it\/wp-json\/wp\/v2\/media?parent=137540"}],"wp:term":[{"taxonomy":"product_brand","embeddable":true,"href":"http:\/\/moby-hub.com\/it\/wp-json\/wp\/v2\/product_brand?post=137540"},{"taxonomy":"product_cat","embeddable":true,"href":"http:\/\/moby-hub.com\/it\/wp-json\/wp\/v2\/product_cat?post=137540"},{"taxonomy":"product_tag","embeddable":true,"href":"http:\/\/moby-hub.com\/it\/wp-json\/wp\/v2\/product_tag?post=137540"}],"curies":[{"name":"wp","href":"https:\/\/api.w.org\/{rel}","templated":true}]}}