{"id":138663,"date":"2024-05-08T08:30:10","date_gmt":"2024-05-08T06:30:10","guid":{"rendered":"https:\/\/moby-hub.com\/?post_type=product&#038;p=138663"},"modified":"2024-05-08T10:05:13","modified_gmt":"2024-05-08T08:05:13","slug":"sgabello-girevole-podologo","status":"publish","type":"product","link":"http:\/\/moby-hub.com\/it\/Produkt\/sgabello-girevole-podologo\/","title":{"rendered":"Sgabello girevole podologo"},"content":{"rendered":"<p>Sgabello girevole podologo<\/p>\n<p>Questo Sgabello girevole \u00e8 particolarmente adatto per la cura dei piedi, lo schienale \u00e8 simmetrico<br \/>\nPu\u00f2 essere ruotato di 360 gradi e consente di appoggiare il gomito per destrimani e mancini.<\/p>\n<p>Dettagli:<\/p>\n<p>Schienale in plastica nera, facile da disinfettare<br \/>\nBase nera con 5 ruote<br \/>\nAltezza regolabile da ca. 44 \/ 54 cm<br \/>\nSeduta rotonda con un diametro di circa 40 cm<br \/>\nComoda imbottitura bianca spessa 9 cm<br \/>\nPeso: circa 9,5 kg<br \/>\nStabile base a 5 gambe con ruote<\/p>\n<p>Colore:<\/p>\n<p>Sono disponibili 23 colori tra cui scegliere<\/p>\n<p>Si prega di includere il numero corrispondente alla selezione del colore al momento dell&#8217;ordine<\/p>\n","protected":false},"excerpt":{"rendered":"<p>Sgabello girevole podologo Questo Sgabello girevole \u00e8 particolarmente adatto per la cura dei piedi, lo schienale \u00e8 simmetrico Pu\u00f2 essere ruotato di 360 gradi e consente di appoggiare il gomito per destrimani e mancini. Dettagli: Schienale in plastica nera, facile da disinfettare Base nera con 5 ruote Altezza regolabile da ca. 44 \/ 54 cm [&hellip;]<\/p>\n","protected":false},"featured_media":138646,"template":"","meta":[],"product_brand":[],"product_cat":[5464],"product_tag":[],"class_list":{"0":"post-138663","1":"product","2":"type-product","3":"status-publish","4":"has-post-thumbnail","6":"product_cat-poltrone-e-sedie","8":"first","9":"instock","10":"shipping-taxable","11":"purchasable","12":"product-type-simple"},"_links":{"self":[{"href":"http:\/\/moby-hub.com\/it\/wp-json\/wp\/v2\/product\/138663","targetHints":{"allow":["GET"]}}],"collection":[{"href":"http:\/\/moby-hub.com\/it\/wp-json\/wp\/v2\/product"}],"about":[{"href":"http:\/\/moby-hub.com\/it\/wp-json\/wp\/v2\/types\/product"}],"wp:featuredmedia":[{"embeddable":true,"href":"http:\/\/moby-hub.com\/it\/wp-json\/wp\/v2\/media\/138646"}],"wp:attachment":[{"href":"http:\/\/moby-hub.com\/it\/wp-json\/wp\/v2\/media?parent=138663"}],"wp:term":[{"taxonomy":"product_brand","embeddable":true,"href":"http:\/\/moby-hub.com\/it\/wp-json\/wp\/v2\/product_brand?post=138663"},{"taxonomy":"product_cat","embeddable":true,"href":"http:\/\/moby-hub.com\/it\/wp-json\/wp\/v2\/product_cat?post=138663"},{"taxonomy":"product_tag","embeddable":true,"href":"http:\/\/moby-hub.com\/it\/wp-json\/wp\/v2\/product_tag?post=138663"}],"curies":[{"name":"wp","href":"https:\/\/api.w.org\/{rel}","templated":true}]}}