{"id":139061,"date":"2024-05-21T10:04:32","date_gmt":"2024-05-21T08:04:32","guid":{"rendered":"https:\/\/moby-hub.com\/?post_type=product&#038;p=139061"},"modified":"2024-05-21T10:13:40","modified_gmt":"2024-05-21T08:13:40","slug":"kit-di-gioielli-dentali","status":"publish","type":"product","link":"http:\/\/moby-hub.com\/it\/Produkt\/kit-di-gioielli-dentali\/","title":{"rendered":"Kit di gioielli dentali"},"content":{"rendered":"<p>Kit di gioielli dentali in valigia di alluminio<\/p>\n<p>La tecnica dentale \u00e8 un complemento alla vostra gamma di servizi.<\/p>\n<p>Qui vengono utilizzati solo cristalli Swarovski di altissima qualit\u00e0.<\/p>\n<p>I cristalli di gioielli Swarovski sono gli unici in grado di resistere allo stress di lavarsi i denti ogni giorno.<\/p>\n<p>Anche i cristalli di alta qualit\u00e0 non durano a lungo, l&#8217;esperienza ha dimostrato che un gioiello dentale di solito deve essere rinnovato dopo uno e \/ o quattro mesi.<\/p>\n<p>Nella tecnica di decorazione dentale non \u00e8 necessario alcun foro nel dente, poich\u00e9 il cristallo Swarovski \u00e8 incollato e indurito con una lampada UV.<\/p>\n<p>Con questa tecnica di gioielli dentali, di solito ci vogliono dai tre ai sei minuti per applicare un cristallo Swarovski.<\/p>\n<p>Questo kit \u00e8 imbottito in schiuma ed \u00e8 stato implementato in una valigetta in alluminio appositamente realizzata e comprende:<\/p>\n<p>5 x Barattoli da 10 diverse dimensioni di cristallo Swarovski &#8211; trasparente<br \/>\n1 x Pulitore dentale<br \/>\n1 x Speciali barre di colla per gioielli dentali<br \/>\n1 x Siringa di colla per gioielli dentali<br \/>\n50 x Batuffoli di cotone<br \/>\n1 x Foglio di carta<br \/>\n1 x Pennello<br \/>\n1 x Pinzetta<br \/>\n1 x Disinfettante<br \/>\n1 x Lampada UV da 12 Watt ( specifica per la decorazione dentale )<br \/>\n1 x Valigia in alluminio<\/p>\n<p>Istruzioni per l&#8217;uso in 24 lingue<\/p>\n<p>Dati tecnici<\/p>\n<p>Lampada UV<\/p>\n<p>Colore<br \/>\nArgento<\/p>\n<p>Dimensioni<br \/>\nL 12 cm x P 6 cm x H 24 cm<\/p>\n<p>Peso<br \/>\n12 g<\/p>\n<p>Elettricit\u00e0<br \/>\nBatteria<\/p>\n<p>Potenza nominale<br \/>\n12 Watt<\/p>\n<p>Fornitura:<br \/>\n1 kit completo di questa variet\u00e0, con valigetta in alluminio<\/p>\n<p>Variazioni di prezzo e possibilit\u00e0 di consegna soggette a riserva. Le immagini dei prodotti possono differire dall&#8217;originale.<\/p>\n","protected":false},"excerpt":{"rendered":"<p>Kit di gioielli dentali in valigia di alluminio La tecnica dentale \u00e8 un complemento alla vostra gamma di servizi. Qui vengono utilizzati solo cristalli Swarovski di altissima qualit\u00e0. I cristalli di gioielli Swarovski sono gli unici in grado di resistere allo stress di lavarsi i denti ogni giorno. Anche i cristalli di alta qualit\u00e0 non [&hellip;]<\/p>\n","protected":false},"featured_media":139052,"template":"","meta":[],"product_brand":[],"product_cat":[5482],"product_tag":[],"class_list":{"0":"post-139061","1":"product","2":"type-product","3":"status-publish","4":"has-post-thumbnail","6":"product_cat-gioielli-per-i-denti","8":"first","9":"instock","10":"shipping-taxable","11":"purchasable","12":"product-type-simple"},"_links":{"self":[{"href":"http:\/\/moby-hub.com\/it\/wp-json\/wp\/v2\/product\/139061","targetHints":{"allow":["GET"]}}],"collection":[{"href":"http:\/\/moby-hub.com\/it\/wp-json\/wp\/v2\/product"}],"about":[{"href":"http:\/\/moby-hub.com\/it\/wp-json\/wp\/v2\/types\/product"}],"wp:featuredmedia":[{"embeddable":true,"href":"http:\/\/moby-hub.com\/it\/wp-json\/wp\/v2\/media\/139052"}],"wp:attachment":[{"href":"http:\/\/moby-hub.com\/it\/wp-json\/wp\/v2\/media?parent=139061"}],"wp:term":[{"taxonomy":"product_brand","embeddable":true,"href":"http:\/\/moby-hub.com\/it\/wp-json\/wp\/v2\/product_brand?post=139061"},{"taxonomy":"product_cat","embeddable":true,"href":"http:\/\/moby-hub.com\/it\/wp-json\/wp\/v2\/product_cat?post=139061"},{"taxonomy":"product_tag","embeddable":true,"href":"http:\/\/moby-hub.com\/it\/wp-json\/wp\/v2\/product_tag?post=139061"}],"curies":[{"name":"wp","href":"https:\/\/api.w.org\/{rel}","templated":true}]}}