{"id":139856,"date":"2024-09-07T07:36:02","date_gmt":"2024-09-07T05:36:02","guid":{"rendered":"https:\/\/moby-hub.com\/?post_type=product&#038;p=139856"},"modified":"2025-09-04T00:40:43","modified_gmt":"2025-09-03T22:40:43","slug":"autoclave-enbio-pro","status":"publish","type":"product","link":"http:\/\/moby-hub.com\/it\/Produkt\/autoclave-enbio-pro\/","title":{"rendered":"Autoclave &#8211; Enbio PRO"},"content":{"rendered":"<p>Il nuovo prodotto della gamma \u00e8 \u201cEnbio Autoclave PRO\u201d.<\/p>\n<p>Sterilizzatore a vapore di classe B<br \/>\nDispositivo autonomo<br \/>\nSterilizzazione da soli 9 minuti<br \/>\nParticolarmente silenzioso e compatto<br \/>\nFunzionamento semplice ed intuitivo<\/p>\n<p>L&#8217;autoclave Enbio Pro \u00e8 uno sterilizzatore a pressione di vapore di classe B ed \u00e8 stato appositamente progettato per l&#8217;uso professionale negli studi dentistici, dermatologici e podologi, nonch\u00e9 negli studi di tatuaggi e cosmetici. Oltre ai tradizionali programmi a 121 \u00b0C e 134 \u00b0C, l&#8217;innovativo dispositivo per la sterilizzazione degli strumenti dispone anche di un programma FAST a 134 \u00b0C, che consente di sterilizzare gli strumenti non confezionati in soli 9 minuti. Inoltre, un programma PRION, destinato alla decontaminazione degli strumenti entrati in contatto con proteine \u200b\u200bprioniche patologicamente modificate, completa la funzionalit\u00e0 dell&#8217;autoclave.<\/p>\n<p>Lo sterilizzatore a pressione di vapore \u00e8 particolarmente silenzioso durante il funzionamento ed \u00e8 dotato di un ampio display touch a colori di facile lettura che pu\u00f2 essere utilizzato in modo intuitivo. Attraverso questo display \u00e8 possibile visualizzare i programmi gi\u00e0 installati nonch\u00e9 malfunzionamenti e messaggi di errore. A seconda del programma \u00e8 possibile sterilizzare strumenti avvolti e\/o non avvolti, costituiti da materiale solido e non poroso. Con dimensioni di 30 x 20 x 9 cm, la camera di lavoro offre spazio sufficiente per un massimo di 16 strumenti imballati. Se necessario, questi possono essere conservati uno sopra l&#8217;altro durante il processo di sterilizzazione.<\/p>\n<p>Anche il trasferimento dei dati avviene automaticamente tramite la chiavetta USB Pen Drive inclusa nella fornitura, riducendo cos\u00ec al minimo il carico di lavoro del personale addetto. Grazie alla chiavetta USB \u00e8 possibile stampare le lavorazioni salvate, creare report in formato PDF ed esportare i dati acquisiti.<\/p>\n<p>Autoclave Enbio Pro<\/p>\n<p>Dettagli del prodotto<br \/>\nAutoclave Enbio Pro<br \/>\nSterilizzatore a pressione di vapore di classe B secondo la norma EN 13060<br \/>\nDispositivo medico certificato<br \/>\nSoddisfa tutti gli standard europei<br \/>\nPer la sterilizzazione rapida di strumenti sfusi o confezionati<br \/>\nIl programma FAST dura solo 9 minuti<br \/>\nPermette di sterilizzare fino a 16 confezioni contemporaneamente<br \/>\nFunzionamento particolarmente silenzioso<br \/>\nSalva automaticamente i report su una chiavetta USB Pen Drive<br \/>\nDotato di un ampio display a colori<br \/>\nNessuna programmazione richiesta<br \/>\nAdatto a tutte le cassette per impianti convenzionali (volume 5,3 l)<br \/>\nHa uno scarico della condensa<br \/>\nIl cassetto \u00e8 chiuso saldamente tramite una manopola di bloccaggio<br \/>\nIl filtro HEPA cattura le polveri sottili<br \/>\nAdatto anche a dermatologi, podologi, studi cosmetici o tatuaggi<br \/>\nSviluppato in Svizzera e prodotto nell&#8217;UE<br \/>\nGaranzia del produttore: 5 anni<\/p>\n<p>Dettagli tecnici<br \/>\nAlimentazione: 230 V\/50 Hz<br \/>\nCavo di collegamento: 3250 W<br \/>\nConsumo energetico massimo: 15 A<br \/>\nPressione di esercizio: 2,1 bar<br \/>\nPressione massima: 2,3 bar<br \/>\nTemperatura massima: 138\u00b0C<br \/>\nVolume della camera: 5,3 l<br \/>\nProgrammi: 134\u00b0C VELOCE, 134\u00b0C, 121\u00b0C, PRION<br \/>\nNumero massimo di confezioni: 16 pezzi<br \/>\nPeso massimo del carico: 0,8 kg<br \/>\nPeso: 20 kg<br \/>\nDimensioni complessive: 56,1 x 27 x 20,2 cm<br \/>\nDimensioni della camera: 30 x 20 x 9 cm<br \/>\nClasse di protezione: IP20<br \/>\nIl trasferimento dei dati avviene tramite chiavetta USB<br \/>\nApprovvigionamento idrico esterno<\/p>\n","protected":false},"excerpt":{"rendered":"<p>Il nuovo prodotto della gamma \u00e8 \u201cEnbio Autoclave PRO\u201d. Sterilizzatore a vapore di classe B Dispositivo autonomo Sterilizzazione da soli 9 minuti Particolarmente silenzioso e compatto Funzionamento semplice ed intuitivo L&#8217;autoclave Enbio Pro \u00e8 uno sterilizzatore a pressione di vapore di classe B ed \u00e8 stato appositamente progettato per l&#8217;uso professionale negli studi dentistici, dermatologici [&hellip;]<\/p>\n","protected":false},"featured_media":139592,"template":"","meta":[],"product_brand":[],"product_cat":[1501],"product_tag":[],"class_list":{"0":"post-139856","1":"product","2":"type-product","3":"status-publish","4":"has-post-thumbnail","6":"product_cat-sterilizzatori-ultrasuoni","8":"first","9":"instock","10":"shipping-taxable","11":"purchasable","12":"product-type-simple"},"_links":{"self":[{"href":"http:\/\/moby-hub.com\/it\/wp-json\/wp\/v2\/product\/139856","targetHints":{"allow":["GET"]}}],"collection":[{"href":"http:\/\/moby-hub.com\/it\/wp-json\/wp\/v2\/product"}],"about":[{"href":"http:\/\/moby-hub.com\/it\/wp-json\/wp\/v2\/types\/product"}],"wp:featuredmedia":[{"embeddable":true,"href":"http:\/\/moby-hub.com\/it\/wp-json\/wp\/v2\/media\/139592"}],"wp:attachment":[{"href":"http:\/\/moby-hub.com\/it\/wp-json\/wp\/v2\/media?parent=139856"}],"wp:term":[{"taxonomy":"product_brand","embeddable":true,"href":"http:\/\/moby-hub.com\/it\/wp-json\/wp\/v2\/product_brand?post=139856"},{"taxonomy":"product_cat","embeddable":true,"href":"http:\/\/moby-hub.com\/it\/wp-json\/wp\/v2\/product_cat?post=139856"},{"taxonomy":"product_tag","embeddable":true,"href":"http:\/\/moby-hub.com\/it\/wp-json\/wp\/v2\/product_tag?post=139856"}],"curies":[{"name":"wp","href":"https:\/\/api.w.org\/{rel}","templated":true}]}}