{"id":83485,"date":"2016-10-08T18:10:52","date_gmt":"2016-10-08T16:10:52","guid":{"rendered":"https:\/\/moby-hub.com\/Produkt\/fimo-opere-darte-no-006\/"},"modified":"2023-03-12T10:26:22","modified_gmt":"2023-03-12T09:26:22","slug":"opere-de-arte-no-006","status":"publish","type":"product","link":"http:\/\/moby-hub.com\/it\/Produkt\/opere-de-arte-no-006\/","title":{"rendered":"Opere d&#8217;arte &#8211; No 006"},"content":{"rendered":"<p>&#8211; Handgefertigt \/ Handmade \/ Fait a la main \/ Fatto a mano<br \/>\n&#8211; Kleiner als ein Cent St\u00fcck<br \/>\n&#8211; Smaller than a cent<br \/>\n&#8211; Plus petit qu&#8217;un cent<br \/>\n&#8211; Pi\u00f9 piccolo di un cent<br \/>\n&#8211; 10 St\u00fcck \/ 10 pieces \/ 10 exemplaires \/ 10 pezzi<\/p>\n","protected":false},"excerpt":{"rendered":"<p>&#8211; Handgefertigt \/ Handmade \/ Fait a la main \/ Fatto a mano &#8211; Kleiner als ein Cent St\u00fcck &#8211; Smaller than a cent &#8211; Plus petit qu&#8217;un cent &#8211; Pi\u00f9 piccolo di un cent &#8211; 10 St\u00fcck \/ 10 pieces \/ 10 exemplaires \/ 10 pezzi<\/p>\n","protected":false},"featured_media":83472,"template":"","meta":[],"product_brand":[],"product_cat":[5174],"product_tag":[],"class_list":{"0":"post-83485","1":"product","2":"type-product","3":"status-publish","4":"has-post-thumbnail","6":"product_cat-fimo-opere-darte","8":"first","9":"instock","10":"shipping-taxable","11":"purchasable","12":"product-type-simple"},"_links":{"self":[{"href":"http:\/\/moby-hub.com\/it\/wp-json\/wp\/v2\/product\/83485","targetHints":{"allow":["GET"]}}],"collection":[{"href":"http:\/\/moby-hub.com\/it\/wp-json\/wp\/v2\/product"}],"about":[{"href":"http:\/\/moby-hub.com\/it\/wp-json\/wp\/v2\/types\/product"}],"wp:featuredmedia":[{"embeddable":true,"href":"http:\/\/moby-hub.com\/it\/wp-json\/wp\/v2\/media\/83472"}],"wp:attachment":[{"href":"http:\/\/moby-hub.com\/it\/wp-json\/wp\/v2\/media?parent=83485"}],"wp:term":[{"taxonomy":"product_brand","embeddable":true,"href":"http:\/\/moby-hub.com\/it\/wp-json\/wp\/v2\/product_brand?post=83485"},{"taxonomy":"product_cat","embeddable":true,"href":"http:\/\/moby-hub.com\/it\/wp-json\/wp\/v2\/product_cat?post=83485"},{"taxonomy":"product_tag","embeddable":true,"href":"http:\/\/moby-hub.com\/it\/wp-json\/wp\/v2\/product_tag?post=83485"}],"curies":[{"name":"wp","href":"https:\/\/api.w.org\/{rel}","templated":true}]}}